{"id":302,"date":"2018-04-25T09:16:16","date_gmt":"2018-04-25T09:16:16","guid":{"rendered":"https:\/\/demo.themefreesia.com\/photograph\/?page_id=8"},"modified":"2023-05-05T08:56:23","modified_gmt":"2023-05-05T08:56:23","slug":"ueber-mich","status":"publish","type":"page","link":"https:\/\/orowa-alshebani.de\/index.php\/ueber-mich\/","title":{"rendered":"\u00dcber mich"},"content":{"rendered":"<h2><span style=\"vertical-align: inherit;\"><span style=\"vertical-align: inherit;\">Hallo! <\/span><\/span><\/h2>\n<h2><span style=\"vertical-align: inherit;\"><span style=\"vertical-align: inherit;\">Ich bin Orowa Al Shebani &#8211; professioneller Fotograf.<\/span><\/span><\/h2>\n<p><span style=\"vertical-align: inherit;\"><span style=\"vertical-align: inherit;\">Ich fotografiere seit mehreren Jahren. Eine meiner gr\u00f6\u00dften Leidenschaften ist die Fotografie, die Welt zu sehen und mich auszudr\u00fccken. <strong>Ich <span style=\"vertical-align: inherit;\">fotografiere gerne Hochzeiten, Single \/ Paare Fotoshooting, Veranstaltungen und Konzerte. <\/span><\/strong><span style=\"vertical-align: inherit;\">Ich begleite euch gerne den ganzen Tag vom morgens bis zur Party am Abend. Au\u00dferdem versuche ich beim Fotoshooting eine freundliche Atmosph\u00e4re zu erzeugen, damit ihr euch mit mir wohl f\u00fchlt, wie bei guten Freunden. Zusammen mit dem Videomacher liefern wir Foto- und Videodienstleistungen.<\/span><\/span><\/span><\/p>\n<h3 class=\"font_0\"><span class=\"color_14\">Wo komme ich her?<\/span><\/h3>\n<p>Ich komme aus Stuttgart, gerne kann ich euch deutschlandweit begleiten und eure Lieblingsmomente einfangen.<\/p>\n<h3 class=\"font_0\"><span class=\"color_14\">Wie viele bearbeitete Fotos bekommt ihr?<\/span><\/h3>\n<p>Ich bearbeite alle Bilder bzw. Videos. Ihr bekommt USB-Stick mit den Bildern\/Videos per Post<\/p>\n<h3><span style=\"vertical-align: inherit;\">Vor dem Fotoshooting treffen? <\/span><\/h3>\n<p><span style=\"vertical-align: inherit;\">Ich freue mich euch kennen zu lernen! Wir k\u00f6nnen uns gerne in Stuttgart\/N\u00fcrtingen bzw. in der Umgebung von Stuttgart treffen. Falls ihr nicht in der N\u00e4he von Stuttgart\/N\u00fcrtingen wohnt k\u00f6nnten wir uns gerne via Zoom online treffen<\/span><cite><span style=\"vertical-align: inherit;\">\u2013 <a href=\"https:\/\/orowa-alshebani.de\/index.php\/kontakt\/\">Schreib mich an<\/a><\/span><\/cite><\/p>\n<blockquote>\n<p id=\"viewer-rm0o31437\" class=\"mm8Nw _1j-51 _1FoOD _3M0Fe public-DraftStyleDefault-block-depth0 public-DraftStyleDefault-text-ltr\"><span class=\"_2PHJq public-DraftStyleDefault-ltr\">Die Ver\u00f6ffentlichung von Fotos ist freiwillig. Wenn ihr der Ver\u00f6ffentlichung nicht zustimmt, respektiere ich eure Entscheidung.<\/span><\/p>\n<p id=\"viewer-pnubr1438\" class=\"mm8Nw _1j-51 _1FoOD _3M0Fe public-DraftStyleDefault-block-depth0 public-DraftStyleDefault-text-ltr\"><span class=\"_2PHJq public-DraftStyleDefault-ltr\">Ich gebe aber zu, dass ich mich sehr freue, wenn ihr die Ver\u00f6ffentlichung der Bilder zustimmt. in dem kann ich meine Arbeit werben, ausbreiten und mit anderen teilen \ud83d\ude42<\/span><\/p>\n<\/blockquote>\n<p><a href=\"https:\/\/orowa-alshebani.de\/\"><span style=\"vertical-align: inherit;\"><span style=\"vertical-align: inherit;\">SEHEN SIE MEINE ARBEITEN<\/span><\/span><\/a><\/p>\n\n\n<figure class=\"wp-block-video\"><\/figure>\n","protected":false},"excerpt":{"rendered":"<p>Hallo! Ich bin Orowa Al Shebani &#8211; professioneller Fotograf. Ich fotografiere seit mehreren Jahren. Eine meiner gr\u00f6\u00dften Leidenschaften ist die Fotografie, die Welt zu sehen&hellip; <\/p>\n","protected":false},"author":1,"featured_media":766,"parent":0,"menu_order":0,"comment_status":"closed","ping_status":"closed","template":"page-templates\/aboutus-template.php","meta":{"om_disable_all_campaigns":false,"_mi_skip_tracking":false,"footnotes":""},"yoast_head":"<!-- This site is optimized with the Yoast SEO plugin v24.5 - https:\/\/yoast.com\/wordpress\/plugins\/seo\/ -->\n<title>\u00dcber mich - orowa al shebani Photography<\/title>\n<meta name=\"description\" content=\"Ich fotografiere seit mehreren Jahren. Ich fotografiere gerne Hochzeiten, Single \/ Paare Fotoshooting, Veranstaltungen und Konzerte. Ich begleite euch gern den ganzen Tag vom morgens bis zur Party am Abend. Au\u00dferdem versuche ich beim Fotoshooting eine Freundliche Atmosph\u00e4re zu erzeugen,damit ihr euch mit mir wohl f\u00fchlt, wie bei guten Freunden. Zusammen mit dem Videomacher liefern wir Foto- und Videodienstleistungen\" \/>\n<meta name=\"robots\" content=\"index, follow, max-snippet:-1, max-image-preview:large, max-video-preview:-1\" \/>\n<link rel=\"canonical\" href=\"https:\/\/orowa-alshebani.de\/index.php\/ueber-mich\/\" \/>\n<meta property=\"og:locale\" content=\"en_US\" \/>\n<meta property=\"og:type\" content=\"article\" \/>\n<meta property=\"og:title\" content=\"\u00dcber mich - orowa al shebani Photography\" \/>\n<meta property=\"og:description\" content=\"Ich fotografiere seit mehreren Jahren. Ich fotografiere gerne Hochzeiten, Single \/ Paare Fotoshooting, Veranstaltungen und Konzerte. Ich begleite euch gern den ganzen Tag vom morgens bis zur Party am Abend. Au\u00dferdem versuche ich beim Fotoshooting eine Freundliche Atmosph\u00e4re zu erzeugen,damit ihr euch mit mir wohl f\u00fchlt, wie bei guten Freunden. Zusammen mit dem Videomacher liefern wir Foto- und Videodienstleistungen\" \/>\n<meta property=\"og:url\" content=\"https:\/\/orowa-alshebani.de\/index.php\/ueber-mich\/\" \/>\n<meta property=\"og:site_name\" content=\"orowa al shebani Photography\" \/>\n<meta property=\"article:publisher\" content=\"https:\/\/de-de.facebook.com\/Orowa.Al.Shebani\" \/>\n<meta property=\"article:modified_time\" content=\"2023-05-05T08:56:23+00:00\" \/>\n<meta property=\"og:image\" content=\"https:\/\/orowa-alshebani.de\/wp-content\/uploads\/2022\/09\/13001093_1085094244880937_2255248739709783465_n-2.jpg\" \/>\n\t<meta property=\"og:image:width\" content=\"949\" \/>\n\t<meta property=\"og:image:height\" content=\"953\" \/>\n\t<meta property=\"og:image:type\" content=\"image\/jpeg\" \/>\n<meta name=\"twitter:card\" content=\"summary_large_image\" \/>\n<meta name=\"twitter:label1\" content=\"Est. reading time\" \/>\n\t<meta name=\"twitter:data1\" content=\"1 minute\" \/>\n<script type=\"application\/ld+json\" class=\"yoast-schema-graph\">{\"@context\":\"https:\/\/schema.org\",\"@graph\":[{\"@type\":\"WebPage\",\"@id\":\"https:\/\/orowa-alshebani.de\/index.php\/ueber-mich\/\",\"url\":\"https:\/\/orowa-alshebani.de\/index.php\/ueber-mich\/\",\"name\":\"\u00dcber mich - orowa al shebani Photography\",\"isPartOf\":{\"@id\":\"https:\/\/orowa-alshebani.de\/#website\"},\"primaryImageOfPage\":{\"@id\":\"https:\/\/orowa-alshebani.de\/index.php\/ueber-mich\/#primaryimage\"},\"image\":{\"@id\":\"https:\/\/orowa-alshebani.de\/index.php\/ueber-mich\/#primaryimage\"},\"thumbnailUrl\":\"https:\/\/orowa-alshebani.de\/wp-content\/uploads\/2022\/09\/13001093_1085094244880937_2255248739709783465_n-2.jpg\",\"datePublished\":\"2018-04-25T09:16:16+00:00\",\"dateModified\":\"2023-05-05T08:56:23+00:00\",\"description\":\"Ich fotografiere seit mehreren Jahren. Ich fotografiere gerne Hochzeiten, Single \/ Paare Fotoshooting, Veranstaltungen und Konzerte. Ich begleite euch gern den ganzen Tag vom morgens bis zur Party am Abend. Au\u00dferdem versuche ich beim Fotoshooting eine Freundliche Atmosph\u00e4re zu erzeugen,damit ihr euch mit mir wohl f\u00fchlt, wie bei guten Freunden. Zusammen mit dem Videomacher liefern wir Foto- und Videodienstleistungen\",\"breadcrumb\":{\"@id\":\"https:\/\/orowa-alshebani.de\/index.php\/ueber-mich\/#breadcrumb\"},\"inLanguage\":\"en-US\",\"potentialAction\":[{\"@type\":\"ReadAction\",\"target\":[\"https:\/\/orowa-alshebani.de\/index.php\/ueber-mich\/\"]}]},{\"@type\":\"ImageObject\",\"inLanguage\":\"en-US\",\"@id\":\"https:\/\/orowa-alshebani.de\/index.php\/ueber-mich\/#primaryimage\",\"url\":\"https:\/\/orowa-alshebani.de\/wp-content\/uploads\/2022\/09\/13001093_1085094244880937_2255248739709783465_n-2.jpg\",\"contentUrl\":\"https:\/\/orowa-alshebani.de\/wp-content\/uploads\/2022\/09\/13001093_1085094244880937_2255248739709783465_n-2.jpg\",\"width\":949,\"height\":953},{\"@type\":\"BreadcrumbList\",\"@id\":\"https:\/\/orowa-alshebani.de\/index.php\/ueber-mich\/#breadcrumb\",\"itemListElement\":[{\"@type\":\"ListItem\",\"position\":1,\"name\":\"Home\",\"item\":\"https:\/\/orowa-alshebani.de\/\"},{\"@type\":\"ListItem\",\"position\":2,\"name\":\"\u00dcber mich\"}]},{\"@type\":\"WebSite\",\"@id\":\"https:\/\/orowa-alshebani.de\/#website\",\"url\":\"https:\/\/orowa-alshebani.de\/\",\"name\":\"orowa al shebani Photography\",\"description\":\"Photography Services\",\"publisher\":{\"@id\":\"https:\/\/orowa-alshebani.de\/#organization\"},\"potentialAction\":[{\"@type\":\"SearchAction\",\"target\":{\"@type\":\"EntryPoint\",\"urlTemplate\":\"https:\/\/orowa-alshebani.de\/?s={search_term_string}\"},\"query-input\":{\"@type\":\"PropertyValueSpecification\",\"valueRequired\":true,\"valueName\":\"search_term_string\"}}],\"inLanguage\":\"en-US\"},{\"@type\":\"Organization\",\"@id\":\"https:\/\/orowa-alshebani.de\/#organization\",\"name\":\"orowa al shebani Photography\",\"url\":\"https:\/\/orowa-alshebani.de\/\",\"logo\":{\"@type\":\"ImageObject\",\"inLanguage\":\"en-US\",\"@id\":\"https:\/\/orowa-alshebani.de\/#\/schema\/logo\/image\/\",\"url\":\"https:\/\/orowa-alshebani.de\/wp-content\/uploads\/2022\/09\/Orowa-new-logo-schwarz-Kopie-edited.png\",\"contentUrl\":\"https:\/\/orowa-alshebani.de\/wp-content\/uploads\/2022\/09\/Orowa-new-logo-schwarz-Kopie-edited.png\",\"width\":773,\"height\":484,\"caption\":\"orowa al shebani Photography\"},\"image\":{\"@id\":\"https:\/\/orowa-alshebani.de\/#\/schema\/logo\/image\/\"},\"sameAs\":[\"https:\/\/de-de.facebook.com\/Orowa.Al.Shebani\",\"https:\/\/www.instagram.com\/3rowa\/\"]}]}<\/script>\n<!-- \/ Yoast SEO plugin. -->","yoast_head_json":{"title":"\u00dcber mich - orowa al shebani Photography","description":"Ich fotografiere seit mehreren Jahren. Ich fotografiere gerne Hochzeiten, Single \/ Paare Fotoshooting, Veranstaltungen und Konzerte. Ich begleite euch gern den ganzen Tag vom morgens bis zur Party am Abend. Au\u00dferdem versuche ich beim Fotoshooting eine Freundliche Atmosph\u00e4re zu erzeugen,damit ihr euch mit mir wohl f\u00fchlt, wie bei guten Freunden. Zusammen mit dem Videomacher liefern wir Foto- und Videodienstleistungen","robots":{"index":"index","follow":"follow","max-snippet":"max-snippet:-1","max-image-preview":"max-image-preview:large","max-video-preview":"max-video-preview:-1"},"canonical":"https:\/\/orowa-alshebani.de\/index.php\/ueber-mich\/","og_locale":"en_US","og_type":"article","og_title":"\u00dcber mich - orowa al shebani Photography","og_description":"Ich fotografiere seit mehreren Jahren. Ich fotografiere gerne Hochzeiten, Single \/ Paare Fotoshooting, Veranstaltungen und Konzerte. Ich begleite euch gern den ganzen Tag vom morgens bis zur Party am Abend. Au\u00dferdem versuche ich beim Fotoshooting eine Freundliche Atmosph\u00e4re zu erzeugen,damit ihr euch mit mir wohl f\u00fchlt, wie bei guten Freunden. Zusammen mit dem Videomacher liefern wir Foto- und Videodienstleistungen","og_url":"https:\/\/orowa-alshebani.de\/index.php\/ueber-mich\/","og_site_name":"orowa al shebani Photography","article_publisher":"https:\/\/de-de.facebook.com\/Orowa.Al.Shebani","article_modified_time":"2023-05-05T08:56:23+00:00","og_image":[{"width":949,"height":953,"url":"https:\/\/orowa-alshebani.de\/wp-content\/uploads\/2022\/09\/13001093_1085094244880937_2255248739709783465_n-2.jpg","type":"image\/jpeg"}],"twitter_card":"summary_large_image","twitter_misc":{"Est. reading time":"1 minute"},"schema":{"@context":"https:\/\/schema.org","@graph":[{"@type":"WebPage","@id":"https:\/\/orowa-alshebani.de\/index.php\/ueber-mich\/","url":"https:\/\/orowa-alshebani.de\/index.php\/ueber-mich\/","name":"\u00dcber mich - orowa al shebani Photography","isPartOf":{"@id":"https:\/\/orowa-alshebani.de\/#website"},"primaryImageOfPage":{"@id":"https:\/\/orowa-alshebani.de\/index.php\/ueber-mich\/#primaryimage"},"image":{"@id":"https:\/\/orowa-alshebani.de\/index.php\/ueber-mich\/#primaryimage"},"thumbnailUrl":"https:\/\/orowa-alshebani.de\/wp-content\/uploads\/2022\/09\/13001093_1085094244880937_2255248739709783465_n-2.jpg","datePublished":"2018-04-25T09:16:16+00:00","dateModified":"2023-05-05T08:56:23+00:00","description":"Ich fotografiere seit mehreren Jahren. Ich fotografiere gerne Hochzeiten, Single \/ Paare Fotoshooting, Veranstaltungen und Konzerte. Ich begleite euch gern den ganzen Tag vom morgens bis zur Party am Abend. Au\u00dferdem versuche ich beim Fotoshooting eine Freundliche Atmosph\u00e4re zu erzeugen,damit ihr euch mit mir wohl f\u00fchlt, wie bei guten Freunden. Zusammen mit dem Videomacher liefern wir Foto- und Videodienstleistungen","breadcrumb":{"@id":"https:\/\/orowa-alshebani.de\/index.php\/ueber-mich\/#breadcrumb"},"inLanguage":"en-US","potentialAction":[{"@type":"ReadAction","target":["https:\/\/orowa-alshebani.de\/index.php\/ueber-mich\/"]}]},{"@type":"ImageObject","inLanguage":"en-US","@id":"https:\/\/orowa-alshebani.de\/index.php\/ueber-mich\/#primaryimage","url":"https:\/\/orowa-alshebani.de\/wp-content\/uploads\/2022\/09\/13001093_1085094244880937_2255248739709783465_n-2.jpg","contentUrl":"https:\/\/orowa-alshebani.de\/wp-content\/uploads\/2022\/09\/13001093_1085094244880937_2255248739709783465_n-2.jpg","width":949,"height":953},{"@type":"BreadcrumbList","@id":"https:\/\/orowa-alshebani.de\/index.php\/ueber-mich\/#breadcrumb","itemListElement":[{"@type":"ListItem","position":1,"name":"Home","item":"https:\/\/orowa-alshebani.de\/"},{"@type":"ListItem","position":2,"name":"\u00dcber mich"}]},{"@type":"WebSite","@id":"https:\/\/orowa-alshebani.de\/#website","url":"https:\/\/orowa-alshebani.de\/","name":"orowa al shebani Photography","description":"Photography Services","publisher":{"@id":"https:\/\/orowa-alshebani.de\/#organization"},"potentialAction":[{"@type":"SearchAction","target":{"@type":"EntryPoint","urlTemplate":"https:\/\/orowa-alshebani.de\/?s={search_term_string}"},"query-input":{"@type":"PropertyValueSpecification","valueRequired":true,"valueName":"search_term_string"}}],"inLanguage":"en-US"},{"@type":"Organization","@id":"https:\/\/orowa-alshebani.de\/#organization","name":"orowa al shebani Photography","url":"https:\/\/orowa-alshebani.de\/","logo":{"@type":"ImageObject","inLanguage":"en-US","@id":"https:\/\/orowa-alshebani.de\/#\/schema\/logo\/image\/","url":"https:\/\/orowa-alshebani.de\/wp-content\/uploads\/2022\/09\/Orowa-new-logo-schwarz-Kopie-edited.png","contentUrl":"https:\/\/orowa-alshebani.de\/wp-content\/uploads\/2022\/09\/Orowa-new-logo-schwarz-Kopie-edited.png","width":773,"height":484,"caption":"orowa al shebani Photography"},"image":{"@id":"https:\/\/orowa-alshebani.de\/#\/schema\/logo\/image\/"},"sameAs":["https:\/\/de-de.facebook.com\/Orowa.Al.Shebani","https:\/\/www.instagram.com\/3rowa\/"]}]}},"_links":{"self":[{"href":"https:\/\/orowa-alshebani.de\/index.php\/wp-json\/wp\/v2\/pages\/302"}],"collection":[{"href":"https:\/\/orowa-alshebani.de\/index.php\/wp-json\/wp\/v2\/pages"}],"about":[{"href":"https:\/\/orowa-alshebani.de\/index.php\/wp-json\/wp\/v2\/types\/page"}],"author":[{"embeddable":true,"href":"https:\/\/orowa-alshebani.de\/index.php\/wp-json\/wp\/v2\/users\/1"}],"replies":[{"embeddable":true,"href":"https:\/\/orowa-alshebani.de\/index.php\/wp-json\/wp\/v2\/comments?post=302"}],"version-history":[{"count":14,"href":"https:\/\/orowa-alshebani.de\/index.php\/wp-json\/wp\/v2\/pages\/302\/revisions"}],"predecessor-version":[{"id":823,"href":"https:\/\/orowa-alshebani.de\/index.php\/wp-json\/wp\/v2\/pages\/302\/revisions\/823"}],"wp:featuredmedia":[{"embeddable":true,"href":"https:\/\/orowa-alshebani.de\/index.php\/wp-json\/wp\/v2\/media\/766"}],"wp:attachment":[{"href":"https:\/\/orowa-alshebani.de\/index.php\/wp-json\/wp\/v2\/media?parent=302"}],"curies":[{"name":"wp","href":"https:\/\/api.w.org\/{rel}","templated":true}]}}