{"id":2,"date":"2022-09-08T21:37:01","date_gmt":"2022-09-08T21:37:01","guid":{"rendered":"https:\/\/orowa-alshebani.de\/?page_id=2"},"modified":"2022-10-04T11:33:25","modified_gmt":"2022-10-04T11:33:25","slug":"impressum","status":"publish","type":"page","link":"https:\/\/orowa-alshebani.de\/index.php\/impressum\/","title":{"rendered":"Impressum"},"content":{"rendered":"<h2>Angaben gem\u00e4\u00df \u00a7 5 TMG<\/h2>\n<p>Orowa Al Shebani<br \/>Fotograf<\/p>\n<h2>Kontakt<\/h2>\n<p>Telefon: 01738825262<br \/>E-Mail: info@orowa-alshebani.de<\/p>\n<h2>EU-Streitschlichtung<\/h2>\n<p>Die Europ\u00e4ische Kommission stellt eine Plattform zur Online-Streitbeilegung (OS) bereit: <a href=\"https:\/\/ec.europa.eu\/consumers\/odr\/\" target=\"_blank\" rel=\"noopener noreferrer\">https:\/\/ec.europa.eu\/consumers\/odr\/<\/a>.<br \/>Unsere E-Mail-Adresse finden Sie oben im Impressum.<\/p>\n<p>\u00a0<\/p>\n\n\n<\/p>\n<p><strong>Haftung f\u00fcr Inhalte<\/strong><br \/>Die Inhalte unserer Seiten wurden mit gr\u00f6\u00dfter Sorgfalt erstellt. F\u00fcr die Richtigkeit, Vollst\u00e4ndigkeit<br \/>und Aktualit\u00e4t der Inhalte k\u00f6nnen wir jedoch keine Gew\u00e4hr \u00fcbernehmen. Als Diensteanbieter sind<br \/>wir gem\u00e4\u00df \u00a7 7 Abs.1 TMG f\u00fcr eigene Inhalte auf diesen Seiten nach den allgemeinen Gesetzen<br \/>verantwortlich. Nach \u00a7\u00a7 8 bis 10 TMG sind wir als Diensteanbieter jedoch nicht verpflichtet,<br \/>\u00fcbermittelte oder gespeicherte fremde Informationen zu \u00fcberwachen oder nach Umst\u00e4nden zu<br \/>forschen, die auf eine rechtswidrige T\u00e4tigkeit hinweisen. Verpflichtungen zur Entfernung oder<br \/>Sperrung der Nutzung von Informationen nach den allgemeinen Gesetzen bleiben hiervon unber\u00fchrt.<br \/>Eine diesbez\u00fcgliche Haftung ist jedoch erst ab dem Zeitpunkt der Kenntnis einer konkreten<br \/>Rechtsverletzung m\u00f6glich. Bei Bekanntwerden von entsprechenden Rechtsverletzungen werden wir<br \/>diese Inhalte umgehend entfernen.<br \/><strong>Haftung f\u00fcr Links<\/strong><br \/>Unser Angebot enth\u00e4lt Links zu externen Webseiten Dritter, auf deren Inhalte wir keinen Einfluss<br \/>haben. Deshalb k\u00f6nnen wir f\u00fcr diese fremden Inhalte auch keine Gew\u00e4hr \u00fcbernehmen. F\u00fcr die<br \/>Inhalte der verlinkten Seiten ist stets der jeweilige Anbieter oder Betreiber der Seiten verantwortlich.<br \/>Die verlinkten Seiten wurden zum Zeitpunkt der Verlinkung auf m\u00f6gliche Rechtsverst\u00f6\u00dfe \u00fcberpr\u00fcft.<br \/>Rechtswidrige Inhalte waren zum Zeitpunkt der Verlinkung nicht erkennbar. Eine permanente<br \/>inhaltliche Kontrolle der verlinkten Seiten ist jedoch ohne konkrete Anhaltspunkte einer<br \/>Rechtsverletzung nicht zumutbar. Bei Bekanntwerden von Rechtsverletzungen werden wir derartige<br \/>Links umgehend entfernen.<br \/><strong>Urheberrecht<\/strong><br \/>Die durch die Seitenbetreiber erstellten Inhalte und Werke auf diesen Seiten unterliegen dem<br \/>deutschen Urheberrecht. Die Vervielf\u00e4ltigung, Bearbeitung, Verbreitung und jede Art der Verwertung<br \/>au\u00dferhalb der Grenzen des Urheberrechtes bed\u00fcrfen der schriftlichen Zustimmung des jeweiligen<br \/>Autors bzw. Erstellers. Downloads und Kopien dieser Seite sind nur f\u00fcr den privaten, nicht<br \/>kommerziellen Gebrauch gestattet. Soweit die Inhalte auf dieser Seite nicht vom Betreiber erstellt<br \/>wurden, werden die Urheberrechte Dritter beachtet. Insbesondere werden Inhalte Dritter als solche<br \/>gekennzeichnet. Sollten Sie trotzdem auf eine Urheberrechtsverletzung aufmerksam werden, bitten<br \/>wir um einen entsprechenden Hinweis. Bei Bekanntwerden von Rechtsverletzungen werden wir<br \/>derartige Inhalte umgehend entfernen.<\/p>\n<h2 class=\"has-text-align-center\"><strong><em>Datenschutz<\/em><\/strong><\/h2>\n<p>\n\n\n\n<\/p>\n<p><strong>Datenerfassung auf dieser Website<\/strong><br \/><strong>Cookies<\/strong><br \/>Unsere Internetseiten verwenden so genannte \u201eCookies\u201c. Cookies sind kleine Datenpakete und richten auf<br \/>Ihrem Endger\u00e4t keinen Schaden an. Sie werden entweder vor\u00fcbergehend f\u00fcr die Dauer einer Sitzung<br \/>(Session-Cookies) oder dauerhaft (permanente Cookies) auf Ihrem Endger\u00e4t gespeichert. Session-Cookies<br \/>werden nach Ende Ihres Besuchs automatisch gel\u00f6scht. Permanente Cookies bleiben auf Ihrem Endger\u00e4t<br \/>gespeichert, bis Sie diese selbst l\u00f6schen oder eine automatische L\u00f6schung durch Ihren Webbrowser erfolgt.<br \/>Teilweise k\u00f6nnen auch Cookies von Drittunternehmen auf Ihrem Endger\u00e4t gespeichert werden, wenn Sie<br \/>unsere Seite betreten (Third-Party-Cookies). Diese erm\u00f6glichen uns oder Ihnen die Nutzung bestimmter<br \/>Dienstleistungen des Drittunternehmens (z. B. Cookies zur Abwicklung von Zahlungsdienstleistungen).<br \/>Cookies haben verschiedene Funktionen. Zahlreiche Cookies sind technisch notwendig, da bestimmte<br \/>Websitefunktionen ohne diese nicht funktionieren w\u00fcrden (z. B. die Warenkorbfunktion oder die Anzeige<br \/>von Videos). Andere Cookies dienen dazu, das Nutzerverhalten auszuwerten oder Werbung anzuzeigen.<br \/>Cookies, die zur Durchf\u00fchrung des elektronischen Kommunikationsvorgangs, zur Bereitstellung<br \/>bestimmter, von Ihnen erw\u00fcnschter Funktionen (z. B. f\u00fcr die Warenkorbfunktion) oder zur Optimierung der<br \/>Website (z. B. Cookies zur Messung des Webpublikums) erforderlich sind (notwendige Cookies), werden auf<br \/>Grundlage von Art. 6 Abs. 1 lit. f DSGVO gespeichert, sofern keine andere Rechtsgrundlage angegeben wird.<br \/>Der Websitebetreiber hat ein berechtigtes Interesse an der Speicherung von notwendigen Cookies zur<br \/>technisch fehlerfreien und optimierten Bereitstellung seiner Dienste. Sofern eine Einwilligung zur<br \/>Speicherung von Cookies und vergleichbaren Wiedererkennungstechnologien abgefragt wurde, erfolgt die<br \/>Verarbeitung ausschlie\u00dflich auf Grundlage dieser Einwilligung (Art. 6 Abs. 1 lit. a DSGVO und \u00a7 25 Abs. 1<br \/>7 \/ 12<br \/>TTDSG); die Einwilligung ist jederzeit widerrufbar.<br \/>Sie k\u00f6nnen Ihren Browser so einstellen, dass Sie \u00fcber das Setzen von Cookies informiert werden und<br \/>Cookies nur im Einzelfall erlauben, die Annahme von Cookies f\u00fcr bestimmte F\u00e4lle oder generell ausschlie\u00dfen<br \/>sowie das automatische L\u00f6schen der Cookies beim Schlie\u00dfen des Browsers aktivieren. Bei der<br \/>Deaktivierung von Cookies kann die Funktionalit\u00e4t dieser Website eingeschr\u00e4nkt sein.<br \/>Soweit Cookies von Drittunternehmen oder zu Analysezwecken eingesetzt werden, werden wir Sie hier\u00fcber<br \/>im Rahmen dieser Datenschutzerkl\u00e4rung gesondert informieren und ggf. eine Einwilligung abfragen.<br \/><strong>Kontaktformular<\/strong><br \/>Wenn Sie uns per Kontaktformular Anfragen zukommen lassen, werden Ihre Angaben aus dem<br \/>Anfrageformular inklusive der von Ihnen dort angegebenen Kontaktdaten zwecks Bearbeitung der Anfrage<br \/>und f\u00fcr den Fall von Anschlussfragen bei uns gespeichert. Diese Daten geben wir nicht ohne Ihre<br \/>Einwilligung weiter.<br \/>Die Verarbeitung dieser Daten erfolgt auf Grundlage von Art. 6 Abs. 1 lit. b DSGVO, sofern Ihre Anfrage mit<br \/>der Erf\u00fcllung eines Vertrags zusammenh\u00e4ngt oder zur Durchf\u00fchrung vorvertraglicher Ma\u00dfnahmen<br \/>erforderlich ist. In allen \u00fcbrigen F\u00e4llen beruht die Verarbeitung auf unserem berechtigten Interesse an der<br \/>effektiven Bearbeitung der an uns gerichteten Anfragen (Art. 6 Abs. 1 lit. f DSGVO) oder auf Ihrer<br \/>Einwilligung (Art. 6 Abs. 1 lit. a DSGVO) sofern diese abgefragt wurde; die Einwilligung ist jederzeit<br \/>widerrufbar.<br \/>Die von Ihnen im Kontaktformular eingegebenen Daten verbleiben bei uns, bis Sie uns zur L\u00f6schung<br \/>auffordern, Ihre Einwilligung zur Speicherung widerrufen oder der Zweck f\u00fcr die Datenspeicherung entf\u00e4llt<br \/>(z. B. nach abgeschlossener Bearbeitung Ihrer Anfrage). Zwingende gesetzliche Bestimmungen \u2013<br \/>insbesondere Aufbewahrungsfristen \u2013 bleiben unber\u00fchrt.<br \/><strong>Anfrage per E-Mail oder Telefon<\/strong><br \/>Wenn Sie uns per E-Mail oder Telefon kontaktieren, wird Ihre Anfrage inklusive aller daraus<br \/>hervorgehenden personenbezogenen Daten (Name, Anfrage) zum Zwecke der Bearbeitung Ihres Anliegens<br \/>bei uns gespeichert und verarbeitet. Diese Daten geben wir nicht ohne Ihre Einwilligung weiter.<br \/>Die Verarbeitung dieser Daten erfolgt auf Grundlage von Art. 6 Abs. 1 lit. b DSGVO, sofern Ihre Anfrage mit<br \/>der Erf\u00fcllung eines Vertrags zusammenh\u00e4ngt oder zur Durchf\u00fchrung vorvertraglicher Ma\u00dfnahmen<br \/>erforderlich ist. In allen \u00fcbrigen F\u00e4llen beruht die Verarbeitung auf unserem berechtigten Interesse an der<br \/>effektiven Bearbeitung der an uns gerichteten Anfragen (Art. 6 Abs. 1 lit. f DSGVO) oder auf Ihrer<br \/>Einwilligung (Art. 6 Abs. 1 lit. a DSGVO) sofern diese abgefragt wurde; die Einwilligung ist jederzeit<br \/>widerrufbar.<br \/>Die von Ihnen an uns per Kontaktanfragen \u00fcbersandten Daten verbleiben bei uns, bis Sie uns zur L\u00f6schung<br \/>auffordern, Ihre Einwilligung zur Speicherung widerrufen oder der Zweck f\u00fcr die Datenspeicherung entf\u00e4llt<br \/>(z. B. nach abgeschlossener Bearbeitung Ihres Anliegens). Zwingende gesetzliche Bestimmungen \u2013<br \/>insbesondere gesetzliche Aufbewahrungsfristen \u2013 bleiben unber\u00fchrt.<br \/>Kommentarfunktion auf dieser Website<br \/>F\u00fcr die Kommentarfunktion auf dieser Seite werden neben Ihrem Kommentar auch Angaben zum Zeitpunkt<br \/>der Erstellung des Kommentars, Ihre E-Mail-Adresse und, wenn Sie nicht anonym posten, der von Ihnen<br \/>gew\u00e4hlte Nutzername gespeichert.<br \/><strong>Speicherdauer der Kommentare<\/strong><br \/>8 \/ 12<br \/>Die Kommentare und die damit verbundenen Daten werden gespeichert und verbleiben auf dieser Website,<br \/>bis der kommentierte Inhalt vollst\u00e4ndig gel\u00f6scht wurde oder die Kommentare aus rechtlichen Gr\u00fcnden<br \/>gel\u00f6scht werden m\u00fcssen (z. B. beleidigende Kommentare).<br \/><strong>Rechtsgrundlage<\/strong><br \/>Die Speicherung der Kommentare erfolgt auf Grundlage Ihrer Einwilligung (Art. 6 Abs. 1 lit. a DSGVO). Sie<br \/>k\u00f6nnen eine von Ihnen erteilte Einwilligung jederzeit widerrufen. Dazu reicht eine formlose Mitteilung per EMail an uns. Die Rechtm\u00e4\u00dfigkeit der bereits erfolgten Datenverarbeitungsvorg\u00e4nge bleibt vom Widerruf<br \/>unber\u00fchrt.<\/p>\n<p>\n\n\n<p><\/p>\n\n\n<p><\/p>\n","protected":false},"excerpt":{"rendered":"<p>Angaben gem\u00e4\u00df \u00a7 5 TMG Orowa Al ShebaniFotograf Kontakt Telefon: 01738825262E-Mail: info@orowa-alshebani.de EU-Streitschlichtung Die Europ\u00e4ische Kommission stellt eine Plattform zur Online-Streitbeilegung (OS) bereit: https:\/\/ec.europa.eu\/consumers\/odr\/.Unsere E-Mail-Adresse&hellip; <\/p>\n","protected":false},"author":1,"featured_media":0,"parent":0,"menu_order":0,"comment_status":"closed","ping_status":"closed","template":"","meta":{"om_disable_all_campaigns":false,"_mi_skip_tracking":false,"footnotes":""},"yoast_head":"<!-- This site is optimized with the Yoast SEO plugin v24.5 - https:\/\/yoast.com\/wordpress\/plugins\/seo\/ -->\n<title>Impressum - orowa al shebani Photography<\/title>\n<meta name=\"description\" content=\"Angaben gem\u00e4\u00df \u00a7 5 TMG, Orowa Al Shebani, Fotograf, 72622 N\u00fcrtingen. Telefon: 01738825262, E-Mail: info@orowa-alshebani.de\" \/>\n<meta name=\"robots\" content=\"index, follow, max-snippet:-1, max-image-preview:large, max-video-preview:-1\" \/>\n<link rel=\"canonical\" href=\"https:\/\/orowa-alshebani.de\/index.php\/impressum\/\" \/>\n<meta property=\"og:locale\" content=\"en_US\" \/>\n<meta property=\"og:type\" content=\"article\" \/>\n<meta property=\"og:title\" content=\"Impressum - orowa al shebani Photography\" \/>\n<meta property=\"og:description\" content=\"Angaben gem\u00e4\u00df \u00a7 5 TMG, Orowa Al Shebani, Fotograf, 72622 N\u00fcrtingen. Telefon: 01738825262, E-Mail: info@orowa-alshebani.de\" \/>\n<meta property=\"og:url\" content=\"https:\/\/orowa-alshebani.de\/index.php\/impressum\/\" \/>\n<meta property=\"og:site_name\" content=\"orowa al shebani Photography\" \/>\n<meta property=\"article:publisher\" content=\"https:\/\/de-de.facebook.com\/Orowa.Al.Shebani\" \/>\n<meta property=\"article:modified_time\" content=\"2022-10-04T11:33:25+00:00\" \/>\n<meta name=\"twitter:card\" content=\"summary_large_image\" \/>\n<meta name=\"twitter:label1\" content=\"Est. reading time\" \/>\n\t<meta name=\"twitter:data1\" content=\"5 minutes\" \/>\n<script type=\"application\/ld+json\" class=\"yoast-schema-graph\">{\"@context\":\"https:\/\/schema.org\",\"@graph\":[{\"@type\":\"WebPage\",\"@id\":\"https:\/\/orowa-alshebani.de\/index.php\/impressum\/\",\"url\":\"https:\/\/orowa-alshebani.de\/index.php\/impressum\/\",\"name\":\"Impressum - orowa al shebani Photography\",\"isPartOf\":{\"@id\":\"https:\/\/orowa-alshebani.de\/#website\"},\"datePublished\":\"2022-09-08T21:37:01+00:00\",\"dateModified\":\"2022-10-04T11:33:25+00:00\",\"description\":\"Angaben gem\u00e4\u00df \u00a7 5 TMG, Orowa Al Shebani, Fotograf, 72622 N\u00fcrtingen. Telefon: 01738825262, E-Mail: info@orowa-alshebani.de\",\"breadcrumb\":{\"@id\":\"https:\/\/orowa-alshebani.de\/index.php\/impressum\/#breadcrumb\"},\"inLanguage\":\"en-US\",\"potentialAction\":[{\"@type\":\"ReadAction\",\"target\":[\"https:\/\/orowa-alshebani.de\/index.php\/impressum\/\"]}]},{\"@type\":\"BreadcrumbList\",\"@id\":\"https:\/\/orowa-alshebani.de\/index.php\/impressum\/#breadcrumb\",\"itemListElement\":[{\"@type\":\"ListItem\",\"position\":1,\"name\":\"Home\",\"item\":\"https:\/\/orowa-alshebani.de\/\"},{\"@type\":\"ListItem\",\"position\":2,\"name\":\"Impressum\"}]},{\"@type\":\"WebSite\",\"@id\":\"https:\/\/orowa-alshebani.de\/#website\",\"url\":\"https:\/\/orowa-alshebani.de\/\",\"name\":\"orowa al shebani Photography\",\"description\":\"Photography Services\",\"publisher\":{\"@id\":\"https:\/\/orowa-alshebani.de\/#organization\"},\"potentialAction\":[{\"@type\":\"SearchAction\",\"target\":{\"@type\":\"EntryPoint\",\"urlTemplate\":\"https:\/\/orowa-alshebani.de\/?s={search_term_string}\"},\"query-input\":{\"@type\":\"PropertyValueSpecification\",\"valueRequired\":true,\"valueName\":\"search_term_string\"}}],\"inLanguage\":\"en-US\"},{\"@type\":\"Organization\",\"@id\":\"https:\/\/orowa-alshebani.de\/#organization\",\"name\":\"orowa al shebani Photography\",\"url\":\"https:\/\/orowa-alshebani.de\/\",\"logo\":{\"@type\":\"ImageObject\",\"inLanguage\":\"en-US\",\"@id\":\"https:\/\/orowa-alshebani.de\/#\/schema\/logo\/image\/\",\"url\":\"https:\/\/orowa-alshebani.de\/wp-content\/uploads\/2022\/09\/Orowa-new-logo-schwarz-Kopie-edited.png\",\"contentUrl\":\"https:\/\/orowa-alshebani.de\/wp-content\/uploads\/2022\/09\/Orowa-new-logo-schwarz-Kopie-edited.png\",\"width\":773,\"height\":484,\"caption\":\"orowa al shebani Photography\"},\"image\":{\"@id\":\"https:\/\/orowa-alshebani.de\/#\/schema\/logo\/image\/\"},\"sameAs\":[\"https:\/\/de-de.facebook.com\/Orowa.Al.Shebani\",\"https:\/\/www.instagram.com\/3rowa\/\"]}]}<\/script>\n<!-- \/ Yoast SEO plugin. -->","yoast_head_json":{"title":"Impressum - orowa al shebani Photography","description":"Angaben gem\u00e4\u00df \u00a7 5 TMG, Orowa Al Shebani, Fotograf, 72622 N\u00fcrtingen. Telefon: 01738825262, E-Mail: info@orowa-alshebani.de","robots":{"index":"index","follow":"follow","max-snippet":"max-snippet:-1","max-image-preview":"max-image-preview:large","max-video-preview":"max-video-preview:-1"},"canonical":"https:\/\/orowa-alshebani.de\/index.php\/impressum\/","og_locale":"en_US","og_type":"article","og_title":"Impressum - orowa al shebani Photography","og_description":"Angaben gem\u00e4\u00df \u00a7 5 TMG, Orowa Al Shebani, Fotograf, 72622 N\u00fcrtingen. Telefon: 01738825262, E-Mail: info@orowa-alshebani.de","og_url":"https:\/\/orowa-alshebani.de\/index.php\/impressum\/","og_site_name":"orowa al shebani Photography","article_publisher":"https:\/\/de-de.facebook.com\/Orowa.Al.Shebani","article_modified_time":"2022-10-04T11:33:25+00:00","twitter_card":"summary_large_image","twitter_misc":{"Est. reading time":"5 minutes"},"schema":{"@context":"https:\/\/schema.org","@graph":[{"@type":"WebPage","@id":"https:\/\/orowa-alshebani.de\/index.php\/impressum\/","url":"https:\/\/orowa-alshebani.de\/index.php\/impressum\/","name":"Impressum - orowa al shebani Photography","isPartOf":{"@id":"https:\/\/orowa-alshebani.de\/#website"},"datePublished":"2022-09-08T21:37:01+00:00","dateModified":"2022-10-04T11:33:25+00:00","description":"Angaben gem\u00e4\u00df \u00a7 5 TMG, Orowa Al Shebani, Fotograf, 72622 N\u00fcrtingen. Telefon: 01738825262, E-Mail: info@orowa-alshebani.de","breadcrumb":{"@id":"https:\/\/orowa-alshebani.de\/index.php\/impressum\/#breadcrumb"},"inLanguage":"en-US","potentialAction":[{"@type":"ReadAction","target":["https:\/\/orowa-alshebani.de\/index.php\/impressum\/"]}]},{"@type":"BreadcrumbList","@id":"https:\/\/orowa-alshebani.de\/index.php\/impressum\/#breadcrumb","itemListElement":[{"@type":"ListItem","position":1,"name":"Home","item":"https:\/\/orowa-alshebani.de\/"},{"@type":"ListItem","position":2,"name":"Impressum"}]},{"@type":"WebSite","@id":"https:\/\/orowa-alshebani.de\/#website","url":"https:\/\/orowa-alshebani.de\/","name":"orowa al shebani Photography","description":"Photography Services","publisher":{"@id":"https:\/\/orowa-alshebani.de\/#organization"},"potentialAction":[{"@type":"SearchAction","target":{"@type":"EntryPoint","urlTemplate":"https:\/\/orowa-alshebani.de\/?s={search_term_string}"},"query-input":{"@type":"PropertyValueSpecification","valueRequired":true,"valueName":"search_term_string"}}],"inLanguage":"en-US"},{"@type":"Organization","@id":"https:\/\/orowa-alshebani.de\/#organization","name":"orowa al shebani Photography","url":"https:\/\/orowa-alshebani.de\/","logo":{"@type":"ImageObject","inLanguage":"en-US","@id":"https:\/\/orowa-alshebani.de\/#\/schema\/logo\/image\/","url":"https:\/\/orowa-alshebani.de\/wp-content\/uploads\/2022\/09\/Orowa-new-logo-schwarz-Kopie-edited.png","contentUrl":"https:\/\/orowa-alshebani.de\/wp-content\/uploads\/2022\/09\/Orowa-new-logo-schwarz-Kopie-edited.png","width":773,"height":484,"caption":"orowa al shebani Photography"},"image":{"@id":"https:\/\/orowa-alshebani.de\/#\/schema\/logo\/image\/"},"sameAs":["https:\/\/de-de.facebook.com\/Orowa.Al.Shebani","https:\/\/www.instagram.com\/3rowa\/"]}]}},"_links":{"self":[{"href":"https:\/\/orowa-alshebani.de\/index.php\/wp-json\/wp\/v2\/pages\/2"}],"collection":[{"href":"https:\/\/orowa-alshebani.de\/index.php\/wp-json\/wp\/v2\/pages"}],"about":[{"href":"https:\/\/orowa-alshebani.de\/index.php\/wp-json\/wp\/v2\/types\/page"}],"author":[{"embeddable":true,"href":"https:\/\/orowa-alshebani.de\/index.php\/wp-json\/wp\/v2\/users\/1"}],"replies":[{"embeddable":true,"href":"https:\/\/orowa-alshebani.de\/index.php\/wp-json\/wp\/v2\/comments?post=2"}],"version-history":[{"count":11,"href":"https:\/\/orowa-alshebani.de\/index.php\/wp-json\/wp\/v2\/pages\/2\/revisions"}],"predecessor-version":[{"id":808,"href":"https:\/\/orowa-alshebani.de\/index.php\/wp-json\/wp\/v2\/pages\/2\/revisions\/808"}],"wp:attachment":[{"href":"https:\/\/orowa-alshebani.de\/index.php\/wp-json\/wp\/v2\/media?parent=2"}],"curies":[{"name":"wp","href":"https:\/\/api.w.org\/{rel}","templated":true}]}}